{"id":8690,"date":"2016-01-06T11:31:27","date_gmt":"2016-01-06T11:31:27","guid":{"rendered":"https:\/\/tuysuzoglucpa.com\/sirkete-genel-bakis\/bizim-yaklasimimiz\/"},"modified":"2025-08-18T04:53:17","modified_gmt":"2025-08-18T04:53:17","slug":"bizim-yaklasimimiz","status":"publish","type":"page","link":"https:\/\/tuysuzoglucpa.com\/tr\/sirkete-genel-bakis\/bizim-yaklasimimiz\/","title":{"rendered":"Bizim yakla\u015f\u0131m\u0131m\u0131z"},"content":{"rendered":"\t\t<div data-elementor-type=\"wp-page\" data-elementor-id=\"8690\" class=\"elementor elementor-8690 elementor-344\">\n\t\t\t\t\t\t<section class=\"elementor-section elementor-top-section elementor-element elementor-element-c525e01 elementor-section-boxed elementor-section-height-default elementor-section-height-default\" data-id=\"c525e01\" data-element_type=\"section\" data-e-type=\"section\" data-settings=\"{&quot;background_background&quot;:&quot;classic&quot;}\">\n\t\t\t\t\t\t<div class=\"elementor-container elementor-column-gap-default\">\n\t\t\t\t\t<div class=\"elementor-column elementor-col-75 elementor-top-column elementor-element elementor-element-c526317\" data-id=\"c526317\" data-element_type=\"column\" data-e-type=\"column\">\n\t\t\t<div class=\"elementor-widget-wrap elementor-element-populated\">\n\t\t\t\t\t\t<div class=\"elementor-element elementor-element-dbfb9de elementor-widget elementor-widget-slider_revolution\" data-id=\"dbfb9de\" data-element_type=\"widget\" data-e-type=\"widget\" data-widget_type=\"slider_revolution.default\">\n\t\t\t\t<div class=\"elementor-widget-container\">\n\t\t\t\t\t\n\t\t<div class=\"wp-block-themepunch-revslider\">\n\t\t\t\t<p class=\"rs-p-wp-fix\"><\/p>\n\t\t\t\t<sr7-module data-alias=\"about_us_slider\" data-id=\"8\" id=\"SR7_8_1\" class=\"rs-ov-hidden\" data-version=\"6.7.32\">\n\t\t\t\t\t<sr7-adjuster><\/sr7-adjuster>\n\t\t\t\t\t<sr7-content>\n\t\t\t\t\t\t<sr7-carousel>\n\t\t\t\t\t\t<sr7-slide class=\"third_bg_color\" id=\"SR7_8_1-21\" data-key=\"21\">\n\t\t\t\t\t\t\t<sr7-txt id=\"SR7_8_1-21-2\" class=\"sr7-layer\"><div class=\"consulting-rev-title-3\">\nWorkshops<br\/>\nthat awesome!\n<\/div><\/sr7-txt>\n\t\t\t\t\t\t\t<sr7-txt id=\"SR7_8_1-21-3\" class=\"sr7-layer\"><div class=\"consulting-rev-text-2\">\nWe are a company that offers design and build services for<br\/> you from initial sketches to the final construction.\n<\/div><\/sr7-txt>\n\t\t\t\t\t\t\t<sr7-txt id=\"SR7_8_1-21-4\" class=\"sr7-layer\"><a href=\"#\" class=\"button icon_right bordered theme_style_2\">get a quote <i class=\"fa fa-chevron-right\"><\/i><\/a><\/sr7-txt>\n\t\t\t\t\t\t<\/sr7-slide>\n\t\t\t\t\t\t<sr7-slide id=\"SR7_8_1-22\" data-key=\"22\">\n\t\t\t\t\t\t\t<sr7-txt id=\"SR7_8_1-22-2\" class=\"sr7-layer\"><div class=\"consulting-rev-title-3\">\nMeet our<br\/>\nbrilliant minds!\n<\/div><\/sr7-txt>\n\t\t\t\t\t\t\t<sr7-txt id=\"SR7_8_1-22-3\" class=\"sr7-layer\"><div class=\"consulting-rev-text-2\">\nOur personnel have evaluated liability, causation and\/or<br\/> damages issues in hundreds of litigation and dispute matters.\n<\/div><\/sr7-txt>\n\t\t\t\t\t\t\t<sr7-txt id=\"SR7_8_1-22-4\" class=\"sr7-layer\"><a href=\"#\" class=\"button icon_right bordered theme_style_2\">learn more <i class=\"fa fa-chevron-right\"><\/i><\/a><\/sr7-txt>\n\t\t\t\t\t\t<\/sr7-slide>\n\t\t\t\t\t\t<sr7-slide id=\"SR7_8_1-26\" data-key=\"26\">\n\t\t\t\t\t\t<\/sr7-slide>\n\t\t\t\t\t\t<\/sr7-carousel>\n\t\t\t\t\t<\/sr7-content>\n\t\t\t\t\t<image_lists style=\"display:none\">\n\t\t\t\t\t\t<img data-src=\"\/\/tuysuzoglucpa.com\/wp-content\/uploads\/revslider\/about_us_slider\/macbook.png\" width=\"0\" height=\"0\" data-dbsrc=\"Ly90dXlzdXpvZ2x1Y3BhLmNvbS93cC1jb250ZW50L3VwbG9hZHMvcmV2c2xpZGVyL2Fib3V0X3VzX3NsaWRlci9tYWNib29rLnBuZw==\"\/>\n\t\t\t\t\t\t<img data-src=\"\/\/tuysuzoglucpa.com\/wp-content\/uploads\/revslider\/about_us_slider\/about.jpg\" width=\"0\" height=\"0\" data-dbsrc=\"Ly90dXlzdXpvZ2x1Y3BhLmNvbS93cC1jb250ZW50L3VwbG9hZHMvcmV2c2xpZGVyL2Fib3V0X3VzX3NsaWRlci9hYm91dC5qcGc=\"\/>\n\t\t\t\t\t<\/image_lists>\n\t\t\t\t<\/sr7-module>\n\t\t\t\t<script>\n\t\t\t\t\tSR7.PMH ??={}; SR7.PMH[\"SR7_8_1\"] = {cn:100,state:false,fn: function() { if (_tpt!==undefined && _tpt.prepareModuleHeight !== undefined) {  _tpt.prepareModuleHeight({id:\"SR7_8_1\",el:[407,407,768,960,720],type:'carousel',shdw:'0',gh:[407,407,407,384,237],gw:[825,825,825,778,480],vpt:['-100px'],size:{fullWidth:false, fullHeight:false},mh:'0',onh:0,onw:0,bg:{color:'{\"orig\":\"transparent\",\"type\":\"solid\",\"string\":\"transparent\"}'},carousel:{pt:'0',pb:'0'},plType:'0',plColor:'#FFFFFF'});   SR7.PMH[\"SR7_8_1\"].state=true;} else if(SR7.PMH[\"SR7_8_1\"].cn-->0)\tsetTimeout( SR7.PMH[\"SR7_8_1\"].fn,19);}};SR7.PMH[\"SR7_8_1\" ].fn();\n\t\t\t\t<\/script>\n<\/div>\n\n\t\t\t\t\t\t<\/div>\n\t\t\t\t<\/div>\n\t\t\t\t<div class=\"elementor-element elementor-element-c5269a1 elementor-widget elementor-widget-text-editor\" data-id=\"c5269a1\" data-element_type=\"widget\" data-e-type=\"widget\" data-widget_type=\"text-editor.default\">\n\t\t\t\t<div class=\"elementor-widget-container\">\n\t\t\t\t\t\t\t\t\t<h2>bizim yakla\u015f\u0131m\u0131m\u0131z<\/h2>\n<p>Consulting WP her m\u00fc\u015fterisinin i\u015fine kendi i\u015fimizmi\u015f gibi yakla\u015f\u0131r. Bir dan\u0131\u015fmanl\u0131k firmas\u0131n\u0131n bir dan\u0131\u015fmandan daha fazlas\u0131 olmas\u0131 gerekti\u011fine inan\u0131yoruz. Kendimizi m\u00fc\u015fterilerimizin yerine koyar, te\u015fviklerimizi onlar\u0131n hedefleriyle uyumlu hale getirir ve i\u015flerinin tam potansiyelini ortaya \u00e7\u0131karmak i\u00e7in i\u015fbirli\u011fi yapar\u0131z. Bu sayede derin ve keyifli ili\u015fkiler kuruyoruz.   <\/p>\n<p>Do\u011fru sonu\u00e7 i\u00e7in do\u011fru yakla\u015f\u0131m gereklidir. Consulting WP, harici bilgi birikimini kurulu\u015funuzun dahili i\u015f yapma bi\u00e7imine uygulayarak i\u015fe yakla\u015f\u0131r. \u015eirketinizin ba\u015far\u0131 potansiyelini en \u00fcst d\u00fczeye \u00e7\u0131karmak i\u00e7in uzman tavsiyelerimizi sizin i\u015f yapma bi\u00e7iminize uygun bir \u015fekilde \u015fekillendirmemiz gerekti\u011fini biliyoruz. Bu da m\u00fc\u015fterilerimizle zengin ili\u015fkiler kurmam\u0131z\u0131 sa\u011fl\u0131yor.   <\/p>\n\t\t\t\t\t\t\t\t<\/div>\n\t\t\t\t<\/div>\n\t\t\t\t<section class=\"elementor-section elementor-top-section elementor-element elementor-element-c526c1b elementor-section-boxed elementor-section-height-default elementor-section-height-default\" data-id=\"c526c1b\" data-element_type=\"section\" data-e-type=\"section\" data-settings=\"{&quot;background_background&quot;:&quot;classic&quot;}\">\n\t\t\t\t\t\t<div class=\"elementor-container elementor-column-gap-default\">\n\t\t\t\t\t<div class=\"elementor-column elementor-col-50 elementor-top-column elementor-element elementor-element-c52709c\" data-id=\"c52709c\" data-element_type=\"column\" data-e-type=\"column\">\n\t\t\t<div class=\"elementor-widget-wrap elementor-element-populated\">\n\t\t\t\t\t\t<div class=\"elementor-element elementor-element-c52745d elementor-widget elementor-widget-stm_icon_box\" data-id=\"c52745d\" data-element_type=\"widget\" data-e-type=\"widget\" data-widget_type=\"stm_icon_box.default\">\n\t\t\t\t<div class=\"elementor-widget-container\">\n\t\t\t\t\t\n\n\n            <div onClick=\"return true\" class=\"icon_box  elementor-consulting-icon-box hexagon hexanog_animation style_1 icon_left clearfix\">\n                <div class=\"icon  font-color_default font-color_base_bg\" style=\"width:78px\">\n            <i style=\"font-size: 15px;  \"\n               class=\"stm-airplane\"><\/i><\/div>\n        <div class=\"icon_text\">\n                    <h5  class=\"font-color_base no_stripe\">Seyahat ve Havac\u0131l\u0131k<br \/>\nDan\u0131\u015fmanl\u0131k\n<\/h5>\n                <p>Armed with statistical knowledge, technical expertise, and fact based prediction, we allow your business to truly soar. <\/p>\n    <\/div>\n            <\/div>\n    \n\t\t\t\t<\/div>\n\t\t\t\t<\/div>\n\t\t\t\t\t<\/div>\n\t\t<\/div>\n\t\t\t\t<div class=\"elementor-column elementor-col-50 elementor-top-column elementor-element elementor-element-c5275b7\" data-id=\"c5275b7\" data-element_type=\"column\" data-e-type=\"column\">\n\t\t\t<div class=\"elementor-widget-wrap elementor-element-populated\">\n\t\t\t\t\t\t<div class=\"elementor-element elementor-element-c5278ec elementor-widget elementor-widget-stm_icon_box\" data-id=\"c5278ec\" data-element_type=\"widget\" data-e-type=\"widget\" data-widget_type=\"stm_icon_box.default\">\n\t\t\t\t<div class=\"elementor-widget-container\">\n\t\t\t\t\t\n\n\n            <div onClick=\"return true\" class=\"icon_box  elementor-consulting-icon-box hexagon hexanog_animation style_1 icon_left clearfix\">\n                <div class=\"icon  font-color_default font-color_base_bg\" style=\"width:78px\">\n            <i style=\"font-size: 22px;  \"\n               class=\"stm-graph\"><\/i><\/div>\n        <div class=\"icon_text\">\n                    <h5  class=\"font-color_base no_stripe\">\u0130\u015f Hizmetleri<br \/>\nDan\u0131\u015fmanl\u0131k\n<\/h5>\n                <p>We help you shape and position your business services in a way that enhances the output of your clients.<\/p>\n    <\/div>\n            <\/div>\n    \n\t\t\t\t<\/div>\n\t\t\t\t<\/div>\n\t\t\t\t\t<\/div>\n\t\t<\/div>\n\t\t\t\t\t<\/div>\n\t\t<\/section>\n\t\t\t\t<section class=\"elementor-section elementor-top-section elementor-element elementor-element-c527a28 elementor-section-boxed elementor-section-height-default elementor-section-height-default\" data-id=\"c527a28\" data-element_type=\"section\" data-e-type=\"section\" data-settings=\"{&quot;background_background&quot;:&quot;classic&quot;}\">\n\t\t\t\t\t\t<div class=\"elementor-container elementor-column-gap-default\">\n\t\t\t\t\t<div class=\"elementor-column elementor-col-50 elementor-top-column elementor-element elementor-element-c527e0e\" data-id=\"c527e0e\" data-element_type=\"column\" data-e-type=\"column\">\n\t\t\t<div class=\"elementor-widget-wrap elementor-element-populated\">\n\t\t\t\t\t\t<div class=\"elementor-element elementor-element-c528196 elementor-widget elementor-widget-stm_icon_box\" data-id=\"c528196\" data-element_type=\"widget\" data-e-type=\"widget\" data-widget_type=\"stm_icon_box.default\">\n\t\t\t\t<div class=\"elementor-widget-container\">\n\t\t\t\t\t\n\n\n            <div onClick=\"return true\" class=\"icon_box  elementor-consulting-icon-box hexagon hexanog_animation style_1 icon_left clearfix\">\n                <div class=\"icon  font-color_default font-color_base_bg\" style=\"width:78px\">\n            <i style=\"font-size: 21px;  \"\n               class=\"stm-cart\"><\/i><\/div>\n        <div class=\"icon_text\">\n                    <h5  class=\"font-color_base no_stripe\">T\u00fcketici \u00dcr\u00fcnleri<br \/>\nDan\u0131\u015fmanl\u0131k\n<\/h5>\n                <p>We help companies dealing in consumer products create and present products that perfectly blend in with the zeitgeist.<\/p>\n    <\/div>\n            <\/div>\n    \n\t\t\t\t<\/div>\n\t\t\t\t<\/div>\n\t\t\t\t\t<\/div>\n\t\t<\/div>\n\t\t\t\t<div class=\"elementor-column elementor-col-50 elementor-top-column elementor-element elementor-element-c5283bd\" data-id=\"c5283bd\" data-element_type=\"column\" data-e-type=\"column\">\n\t\t\t<div class=\"elementor-widget-wrap elementor-element-populated\">\n\t\t\t\t\t\t<div class=\"elementor-element elementor-element-c5288c4 elementor-widget elementor-widget-stm_icon_box\" data-id=\"c5288c4\" data-element_type=\"widget\" data-e-type=\"widget\" data-widget_type=\"stm_icon_box.default\">\n\t\t\t\t<div class=\"elementor-widget-container\">\n\t\t\t\t\t\n\n\n            <div onClick=\"return true\" class=\"icon_box  elementor-consulting-icon-box hexagon hexanog_animation style_1 icon_left clearfix\">\n                <div class=\"icon  font-color_default font-color_base_bg\" style=\"width:78px\">\n            <i style=\"font-size: 23px;  \"\n               class=\"stm-home\"><\/i><\/div>\n        <div class=\"icon_text\">\n                    <h5  class=\"font-color_base no_stripe\">Finansal Hizmetler<br \/>\nDan\u0131\u015fmanl\u0131k\n<\/h5>\n                <p>Our financial experts help you analyze financial data, to create a rock steady financial foundation.<\/p>\n    <\/div>\n            <\/div>\n    \n\t\t\t\t<\/div>\n\t\t\t\t<\/div>\n\t\t\t\t\t<\/div>\n\t\t<\/div>\n\t\t\t\t\t<\/div>\n\t\t<\/section>\n\t\t\t\t<section class=\"elementor-section elementor-top-section elementor-element elementor-element-c528ab6 elementor-section-boxed elementor-section-height-default elementor-section-height-default\" data-id=\"c528ab6\" data-element_type=\"section\" data-e-type=\"section\">\n\t\t\t\t\t\t<div class=\"elementor-container elementor-column-gap-default\">\n\t\t\t\t\t<div class=\"elementor-column elementor-col-50 elementor-top-column elementor-element elementor-element-c52909b\" data-id=\"c52909b\" data-element_type=\"column\" data-e-type=\"column\">\n\t\t\t<div class=\"elementor-widget-wrap elementor-element-populated\">\n\t\t\t\t\t\t<div class=\"elementor-element elementor-element-c52951c elementor-widget elementor-widget-stm_icon_box\" data-id=\"c52951c\" data-element_type=\"widget\" data-e-type=\"widget\" data-widget_type=\"stm_icon_box.default\">\n\t\t\t\t<div class=\"elementor-widget-container\">\n\t\t\t\t\t\n\n\n            <div onClick=\"return true\" class=\"icon_box  elementor-consulting-icon-box hexagon hexanog_animation style_1 icon_left clearfix\">\n                <div class=\"icon  font-color_default font-color_base_bg\" style=\"width:78px\">\n            <i style=\"font-size: 27px;  \"\n               class=\"stm-lamp\"><\/i><\/div>\n        <div class=\"icon_text\">\n                    <h5  class=\"font-color_base no_stripe\">Enerji ve \u00c7evre<br \/>\nDan\u0131\u015fmanl\u0131k\n<\/h5>\n                <p>We work with energy companies to increase their efficiency and eliminate any environmentally harmful practices.<\/p>\n    <\/div>\n            <\/div>\n    \n\t\t\t\t<\/div>\n\t\t\t\t<\/div>\n\t\t\t\t\t<\/div>\n\t\t<\/div>\n\t\t\t\t<div class=\"elementor-column elementor-col-50 elementor-top-column elementor-element elementor-element-c5296b2\" data-id=\"c5296b2\" data-element_type=\"column\" data-e-type=\"column\">\n\t\t\t<div class=\"elementor-widget-wrap elementor-element-populated\">\n\t\t\t\t\t\t<div class=\"elementor-element elementor-element-c529ae4 elementor-widget elementor-widget-stm_icon_box\" data-id=\"c529ae4\" data-element_type=\"widget\" data-e-type=\"widget\" data-widget_type=\"stm_icon_box.default\">\n\t\t\t\t<div class=\"elementor-widget-container\">\n\t\t\t\t\t\n\n\n            <div onClick=\"return true\" class=\"icon_box  elementor-consulting-icon-box hexagon hexanog_animation style_1 icon_left clearfix\">\n                <div class=\"icon  font-color_default font-color_base_bg\" style=\"width:78px\">\n            <i style=\"font-size: 19px;  \"\n               class=\"stm-truck\"><\/i><\/div>\n        <div class=\"icon_text\">\n                    <h5  class=\"font-color_base no_stripe\">VERG\u0130 H\u0130ZMETLER\u0130<br \/>\nDan\u0131\u015fmanl\u0131k\n<\/h5>\n                <p>We are a company that offers design and build services for you from initial sketches to the final construction.<\/p>\n    <\/div>\n            <\/div>\n    \n\t\t\t\t<\/div>\n\t\t\t\t<\/div>\n\t\t\t\t\t<\/div>\n\t\t<\/div>\n\t\t\t\t\t<\/div>\n\t\t<\/section>\n\t\t\t\t\t<\/div>\n\t\t<\/div>\n\t\t\t\t<div class=\"elementor-column elementor-col-25 elementor-top-column elementor-element elementor-element-c529c79\" data-id=\"c529c79\" data-element_type=\"column\" data-e-type=\"column\">\n\t\t\t<div class=\"elementor-widget-wrap elementor-element-populated\">\n\t\t\t\t\t\t<div class=\"elementor-element elementor-element-c52a08d elementor-widget elementor-widget-stm_sidebar\" data-id=\"c52a08d\" data-element_type=\"widget\" data-e-type=\"widget\" data-widget_type=\"stm_sidebar.default\">\n\t\t\t\t<div class=\"elementor-widget-container\">\n\t\t\t\t\t\n<div class=\"stm_sidebar consulting_elementor_sidebar\">\n\n            \t\t<div data-elementor-type=\"wp-post\" data-elementor-id=\"311\" class=\"elementor elementor-311\">\n\t\t\t\t\t\t<section class=\"elementor-section elementor-top-section elementor-element elementor-element-d75d164 elementor-section-boxed elementor-section-height-default elementor-section-height-default\" data-id=\"d75d164\" data-element_type=\"section\" data-e-type=\"section\" data-settings=\"{&quot;background_background&quot;:&quot;classic&quot;}\">\n\t\t\t\t\t\t<div class=\"elementor-container elementor-column-gap-default\">\n\t\t\t\t\t<div class=\"elementor-column elementor-col-100 elementor-top-column elementor-element elementor-element-d75d63e\" data-id=\"d75d63e\" data-element_type=\"column\" data-e-type=\"column\">\n\t\t\t<div class=\"elementor-widget-wrap elementor-element-populated\">\n\t\t\t\t\t\t<div class=\"elementor-element elementor-element-d75e274 elementor-align-left elementor-widget elementor-widget-button\" data-id=\"d75e274\" data-element_type=\"widget\" data-e-type=\"widget\" data-widget_type=\"button.default\">\n\t\t\t\t<div class=\"elementor-widget-container\">\n\t\t\t\t\t\t\t\t\t<div class=\"elementor-button-wrapper icon_align_  button_block\">\n\t\t\t\t\t<a class=\"elementor-button elementor-button-link elementor-size-lg\" href=\"#\">\n\t\t\t\t\t\t<span class=\"elementor-button-content-wrapper\">\n\t\t\t\t\t\t<span class=\"elementor-button-icon\">\n\t\t\t\t<i aria-hidden=\"true\" class=\"fa fa-file-pdf-o\"><\/i>\t\t\t<\/span>\n\t\t\t\t\t\t\t\t\t<span class=\"elementor-button-text\">Company presentation<\/span>\n\t\t\t\t\t<\/span>\n\t\t\t\t\t<\/a>\n\t\t\t\t<\/div>\n\t\t\t\t\t\t\t\t<\/div>\n\t\t\t\t<\/div>\n\t\t\t\t\t<\/div>\n\t\t<\/div>\n\t\t\t\t\t<\/div>\n\t\t<\/section>\n\t\t\t\t<section class=\"elementor-section elementor-top-section elementor-element elementor-element-d75f04d third_bg_color elementor-section-boxed elementor-section-height-default elementor-section-height-default\" data-id=\"d75f04d\" data-element_type=\"section\" data-e-type=\"section\" data-settings=\"{&quot;background_background&quot;:&quot;classic&quot;}\">\n\t\t\t\t\t\t<div class=\"elementor-container elementor-column-gap-default\">\n\t\t\t\t\t<div class=\"elementor-column elementor-col-100 elementor-top-column elementor-element elementor-element-d75f502\" data-id=\"d75f502\" data-element_type=\"column\" data-e-type=\"column\" data-settings=\"{&quot;background_background&quot;:&quot;classic&quot;}\">\n\t\t\t<div class=\"elementor-widget-wrap elementor-element-populated\">\n\t\t\t\t\t\t<div class=\"elementor-element elementor-element-d75f8fa elementor-widget elementor-widget-vc_custom_heading\" data-id=\"d75f8fa\" data-element_type=\"widget\" data-e-type=\"widget\" data-widget_type=\"vc_custom_heading.default\">\n\t\t\t\t<div class=\"elementor-widget-container\">\n\t\t\t\t\t<div class=\" vc_custom_heading  consulting_heading_font  text_align_left\" ><div style=\"font-size: 16px;color: #222222;text-align: left;font-weight:700\" class=\"consulting-custom-title\">how can we help you?\n<\/div><\/div>\t\t\t\t<\/div>\n\t\t\t\t<\/div>\n\t\t\t\t<div class=\"elementor-element elementor-element-d75fbf9 elementor-widget elementor-widget-text-editor\" data-id=\"d75fbf9\" data-element_type=\"widget\" data-e-type=\"widget\" data-widget_type=\"text-editor.default\">\n\t\t\t\t<div class=\"elementor-widget-container\">\n\t\t\t\t\t\t\t\t\t<p><span style=\"font-size: 13px; line-height: 22px;\">Contact us at the Consulting WP office nearest to you or submit a business inquiry online.<\/span><\/p>\n\t\t\t\t\t\t\t\t<\/div>\n\t\t\t\t<\/div>\n\t\t\t\t<div class=\"elementor-element elementor-element-d760053 elementor-widget__width-auto elementor-widget elementor-widget-button\" data-id=\"d760053\" data-element_type=\"widget\" data-e-type=\"widget\" data-widget_type=\"button.default\">\n\t\t\t\t<div class=\"elementor-widget-container\">\n\t\t\t\t\t\t\t\t\t<div class=\"elementor-button-wrapper icon_align_  \">\n\t\t\t\t\t<a class=\"elementor-button elementor-button-link elementor-size-sm\" href=\"#\">\n\t\t\t\t\t\t<span class=\"elementor-button-content-wrapper\">\n\t\t\t\t\t\t<span class=\"elementor-button-icon\">\n\t\t\t\t<i aria-hidden=\"true\" class=\"fa fa-phone-square\"><\/i>\t\t\t<\/span>\n\t\t\t\t\t\t\t\t\t<span class=\"elementor-button-text\">contacts<\/span>\n\t\t\t\t\t<\/span>\n\t\t\t\t\t<\/a>\n\t\t\t\t<\/div>\n\t\t\t\t\t\t\t\t<\/div>\n\t\t\t\t<\/div>\n\t\t\t\t\t<\/div>\n\t\t<\/div>\n\t\t\t\t\t<\/div>\n\t\t<\/section>\n\t\t\t\t<section class=\"elementor-section elementor-top-section elementor-element elementor-element-d760a9c elementor-section-boxed elementor-section-height-default elementor-section-height-default\" data-id=\"d760a9c\" data-element_type=\"section\" data-e-type=\"section\">\n\t\t\t\t\t\t<div class=\"elementor-container elementor-column-gap-default\">\n\t\t\t\t\t<div class=\"elementor-column elementor-col-100 elementor-top-column elementor-element elementor-element-d760f5a\" data-id=\"d760f5a\" data-element_type=\"column\" data-e-type=\"column\">\n\t\t\t<div class=\"elementor-widget-wrap elementor-element-populated\">\n\t\t\t\t\t\t<div class=\"elementor-element elementor-element-d7612fa elementor-widget elementor-widget-stm_testimonials\" data-id=\"d7612fa\" data-element_type=\"widget\" data-e-type=\"widget\" data-widget_type=\"stm_testimonials.default\">\n\t\t\t\t<div class=\"elementor-widget-container\">\n\t\t\t\t\t\n\n\t\n\t\t\t\t\t<\/div>\n\t\t\t\t<\/div>\n\t\t\t\t\t<\/div>\n\t\t<\/div>\n\t\t\t\t\t<\/div>\n\t\t<\/section>\n\t\t\t\t<\/div>\n\t\t    \n<\/div>\t\t\t\t<\/div>\n\t\t\t\t<\/div>\n\t\t\t\t\t<\/div>\n\t\t<\/div>\n\t\t\t\t\t<\/div>\n\t\t<\/section>\n\t\t\t\t<section class=\"elementor-section elementor-top-section elementor-element elementor-element-c52a16d third_bg_color elementor-section-boxed elementor-section-height-default elementor-section-height-default\" data-id=\"c52a16d\" data-element_type=\"section\" data-e-type=\"section\" data-settings=\"{&quot;background_background&quot;:&quot;classic&quot;}\">\n\t\t\t\t\t\t<div class=\"elementor-container elementor-column-gap-default\">\n\t\t\t\t\t<div class=\"elementor-column elementor-col-100 elementor-top-column elementor-element elementor-element-c52a645\" data-id=\"c52a645\" data-element_type=\"column\" data-e-type=\"column\">\n\t\t\t<div class=\"elementor-widget-wrap elementor-element-populated\">\n\t\t\t\t\t\t<div class=\"elementor-element elementor-element-c52aa21 elementor-widget elementor-widget-vc_cta\" data-id=\"c52aa21\" data-element_type=\"widget\" data-e-type=\"widget\" data-widget_type=\"vc_cta.default\">\n\t\t\t\t<div class=\"elementor-widget-container\">\n\t\t\t\t\t\n<div class=\"ce_cta ce_cta_0962218a55796c0e4387b2dea6819302 ce_text_left third_bg_color add_button_right btn_align_right btn_button_block_true btn_has_icon btn_has_icon_on_the_right\" id=\"\">\n\t<div class=\"ce_cta__content\">\n\t\t<div class=\"ce_cta__content__header\">\n\t\t\t<h2  class='ce_cta__content__title '>Birinci s\u0131n\u0131f bir i\u015f plan\u0131 Dan\u0131\u015fman\u0131 m\u0131 ar\u0131yorsunuz?<\/h2>\t\t<\/div>\n\t\t\t<\/div>\n\n\t\t<div class=\"ce_cta__action\">\n\t\t<a\n\t\t\thref=\"#\"\n\t\t\t\t\t\ttarget=\"_self\"\n\t\t\tclass=\"button\n\t\t\t\t\t\">\n\t\t\t<span>teklif al\u0131n<\/span>\n\t\t\t\t\t\t<i class=\"fa fa-chevron-right\"><\/i>\n\t\t\t\t\t<\/a>\n\t<\/div>\n\t<\/div>\n\t\t\t\t<\/div>\n\t\t\t\t<\/div>\n\t\t\t\t\t<\/div>\n\t\t<\/div>\n\t\t\t\t\t<\/div>\n\t\t<\/section>\n\t\t\t\t<\/div>\n\t\t","protected":false},"excerpt":{"rendered":"<p>bizim yakla\u015f\u0131m\u0131m\u0131z Consulting WP her m\u00fc\u015fterisinin i\u015fine kendi i\u015fimizmi\u015f gibi yakla\u015f\u0131r. Bir dan\u0131\u015fmanl\u0131k firmas\u0131n\u0131n bir dan\u0131\u015fmandan daha fazlas\u0131 olmas\u0131 gerekti\u011fine inan\u0131yoruz. Kendimizi m\u00fc\u015fterilerimizin yerine koyar, te\u015fviklerimizi onlar\u0131n hedefleriyle uyumlu hale getirir ve i\u015flerinin tam potansiyelini ortaya \u00e7\u0131karmak i\u00e7in i\u015fbirli\u011fi yapar\u0131z. Bu sayede derin ve keyifli ili\u015fkiler kuruyoruz. Do\u011fru sonu\u00e7 i\u00e7in do\u011fru yakla\u015f\u0131m gereklidir. Consulting WP,<\/p>\n","protected":false},"author":1,"featured_media":0,"parent":8677,"menu_order":0,"comment_status":"closed","ping_status":"closed","template":"","meta":{"footnotes":""},"class_list":["post-8690","page","type-page","status-publish","hentry"],"_links":{"self":[{"href":"https:\/\/tuysuzoglucpa.com\/tr\/wp-json\/wp\/v2\/pages\/8690","targetHints":{"allow":["GET"]}}],"collection":[{"href":"https:\/\/tuysuzoglucpa.com\/tr\/wp-json\/wp\/v2\/pages"}],"about":[{"href":"https:\/\/tuysuzoglucpa.com\/tr\/wp-json\/wp\/v2\/types\/page"}],"author":[{"embeddable":true,"href":"https:\/\/tuysuzoglucpa.com\/tr\/wp-json\/wp\/v2\/users\/1"}],"replies":[{"embeddable":true,"href":"https:\/\/tuysuzoglucpa.com\/tr\/wp-json\/wp\/v2\/comments?post=8690"}],"version-history":[{"count":1,"href":"https:\/\/tuysuzoglucpa.com\/tr\/wp-json\/wp\/v2\/pages\/8690\/revisions"}],"predecessor-version":[{"id":8691,"href":"https:\/\/tuysuzoglucpa.com\/tr\/wp-json\/wp\/v2\/pages\/8690\/revisions\/8691"}],"up":[{"embeddable":true,"href":"https:\/\/tuysuzoglucpa.com\/tr\/wp-json\/wp\/v2\/pages\/8677"}],"wp:attachment":[{"href":"https:\/\/tuysuzoglucpa.com\/tr\/wp-json\/wp\/v2\/media?parent=8690"}],"curies":[{"name":"wp","href":"https:\/\/api.w.org\/{rel}","templated":true}]}}