{"id":8673,"date":"2019-11-20T12:33:44","date_gmt":"2019-11-20T12:33:44","guid":{"rendered":"https:\/\/tuysuzoglucpa.com\/hizmetler-3\/"},"modified":"2025-08-18T05:46:26","modified_gmt":"2025-08-18T05:46:26","slug":"hizmetler-3","status":"publish","type":"page","link":"https:\/\/tuysuzoglucpa.com\/tr\/hizmetler-3\/","title":{"rendered":"hizmetler"},"content":{"rendered":"\t\t<div data-elementor-type=\"wp-page\" data-elementor-id=\"8673\" class=\"elementor elementor-8673 elementor-6137\">\n\t\t\t\t\t\t<section class=\"elementor-section elementor-top-section elementor-element elementor-element-2530bce elementor-section-full_width elementor-section-content-space-evenly elementor-section-height-default elementor-section-height-default\" data-id=\"2530bce\" data-element_type=\"section\" data-e-type=\"section\" data-settings=\"{&quot;background_background&quot;:&quot;classic&quot;}\">\n\t\t\t\t\t\t<div class=\"elementor-container elementor-column-gap-default\">\n\t\t\t\t\t<div class=\"elementor-column elementor-col-100 elementor-top-column elementor-element elementor-element-2530fd2\" data-id=\"2530fd2\" data-element_type=\"column\" data-e-type=\"column\">\n\t\t\t<div class=\"elementor-widget-wrap elementor-element-populated\">\n\t\t\t\t\t\t<div class=\"elementor-element elementor-element-2531347 elementor-widget elementor-widget-stm_spacing\" data-id=\"2531347\" data-element_type=\"widget\" data-e-type=\"widget\" data-widget_type=\"stm_spacing.default\">\n\t\t\t\t<div class=\"elementor-widget-container\">\n\t\t\t\t\t<div class=\"stm-spacing\" id=\"stm-spacing-69e5fa03788e8\"><\/div>\n<script>\n    (function($){\n        \"use strict\";\n        var spacingID = 'stm-spacing-69e5fa03788e8',\n            lgSpacing = '100',\n            mdSpacing = '100',\n            smSpacing = '70',\n            xsSpacing = '60';\n\n        function stmSpacing() {\n            if ( window.matchMedia(\"(min-width: 1200px)\").matches && lgSpacing ) {\n                $( '#' + spacingID ).css ( \"height\", lgSpacing );\n            } else if ( window.matchMedia(\"(max-width: 1199px) and (min-width: 992px )\").matches && mdSpacing ) {\n                $( '#' + spacingID ).css ( \"height\", mdSpacing );\n            } else if ( window.matchMedia(\"(max-width: 991px) and (min-width: 768px )\").matches && smSpacing ) {\n                $( '#' + spacingID ).css ( \"height\", smSpacing );\n            } else if ( window.matchMedia(\"(max-width: 767px)\").matches && xsSpacing ) {\n                $( '#' + spacingID ).css ( \"height\", xsSpacing );\n            } else {\n                $( '#' + spacingID ).css ( \"height\", \"\" );\n            }\n        }\n\n        $(document).ready(function() {\n            stmSpacing();\n        });\n\n        $(window).resize(function() {\n            stmSpacing();\n        });\n\n    })(jQuery);\n<\/script>\t\t\t\t<\/div>\n\t\t\t\t<\/div>\n\t\t\t\t<div class=\"elementor-element elementor-element-8819f81 elementor-widget elementor-widget-vc_custom_heading\" data-id=\"8819f81\" data-element_type=\"widget\" data-e-type=\"widget\" data-widget_type=\"vc_custom_heading.default\">\n\t\t\t\t<div class=\"elementor-widget-container\">\n\t\t\t\t\t<div class=\" vc_custom_heading  consulting_heading_font  text_align_center\" ><h2 style=\"color: #FFFFFF;text-align: center;font-weight:700\" class=\"consulting-custom-title\">Hepsi Bir Arada Finansal Orta\u011f\u0131n\u0131z\n<\/h2><\/div>\t\t\t\t<\/div>\n\t\t\t\t<\/div>\n\t\t\t\t<div class=\"elementor-element elementor-element-25315d1 elementor-widget elementor-widget-stm_spacing\" data-id=\"25315d1\" data-element_type=\"widget\" data-e-type=\"widget\" data-widget_type=\"stm_spacing.default\">\n\t\t\t\t<div class=\"elementor-widget-container\">\n\t\t\t\t\t<div class=\"stm-spacing\" id=\"stm-spacing-69e5fa03790fb\"><\/div>\n<script>\n    (function($){\n        \"use strict\";\n        var spacingID = 'stm-spacing-69e5fa03790fb',\n            lgSpacing = '20',\n            mdSpacing = '20',\n            smSpacing = '15',\n            xsSpacing = '10';\n\n        function stmSpacing() {\n            if ( window.matchMedia(\"(min-width: 1200px)\").matches && lgSpacing ) {\n                $( '#' + spacingID ).css ( \"height\", lgSpacing );\n            } else if ( window.matchMedia(\"(max-width: 1199px) and (min-width: 992px )\").matches && mdSpacing ) {\n                $( '#' + spacingID ).css ( \"height\", mdSpacing );\n            } else if ( window.matchMedia(\"(max-width: 991px) and (min-width: 768px )\").matches && smSpacing ) {\n                $( '#' + spacingID ).css ( \"height\", smSpacing );\n            } else if ( window.matchMedia(\"(max-width: 767px)\").matches && xsSpacing ) {\n                $( '#' + spacingID ).css ( \"height\", xsSpacing );\n            } else {\n                $( '#' + spacingID ).css ( \"height\", \"\" );\n            }\n        }\n\n        $(document).ready(function() {\n            stmSpacing();\n        });\n\n        $(window).resize(function() {\n            stmSpacing();\n        });\n\n    })(jQuery);\n<\/script>\t\t\t\t<\/div>\n\t\t\t\t<\/div>\n\t\t\t\t<section class=\"elementor-section elementor-top-section elementor-element elementor-element-2531671 elementor-section-height-min-height elementor-section-items-top elementor-section-content-top elementor-section-boxed elementor-section-height-default\" data-id=\"2531671\" data-element_type=\"section\" data-e-type=\"section\">\n\t\t\t\t\t\t<div class=\"elementor-container elementor-column-gap-default\">\n\t\t\t\t\t<div class=\"elementor-column elementor-col-33 elementor-top-column elementor-element elementor-element-2531ab5\" data-id=\"2531ab5\" data-element_type=\"column\" data-e-type=\"column\">\n\t\t\t<div class=\"elementor-widget-wrap elementor-element-populated\">\n\t\t\t\t\t\t<div class=\"elementor-element elementor-element-2531df1 elementor-widget elementor-widget-stm_icon_box\" data-id=\"2531df1\" data-element_type=\"widget\" data-e-type=\"widget\" data-widget_type=\"stm_icon_box.default\">\n\t\t\t\t<div class=\"elementor-widget-container\">\n\t\t\t\t\t\n\n\n            <div onClick=\"return true\" class=\"icon_box  elementor-consulting-icon-box style_1 icon_left clearfix\">\n                <div class=\"icon  font-color_custom font-color_third_bg\" style=\"width:70px\">\n            <i style=\"font-size: 21px;color: ;  width: 50px; height: 50px; display: flex; align-items: center; justify-content: center;\"\n               class=\"stm-suitcase-2\"><\/i><\/div>\n        <div class=\"icon_text\">\n                    <h5 style=\"color:#ffffff\" >Muhasebe \n<\/h5>\n                <style>\nul li::marker {\n  color: #ffffff;\n}\n<\/style>\n<ul>\n<li><span style=\"color: #ffffff;\">Bookkeeping<\/span><\/li>\n<li><span style=\"color: #ffffff;\">Payroll Services<\/span><\/li>\n<\/ul>\n    <\/div>\n            <\/div>\n    \n\t\t\t\t<\/div>\n\t\t\t\t<\/div>\n\t\t\t\t\t<\/div>\n\t\t<\/div>\n\t\t\t\t<div class=\"elementor-column elementor-col-33 elementor-top-column elementor-element elementor-element-2531f36\" data-id=\"2531f36\" data-element_type=\"column\" data-e-type=\"column\">\n\t\t\t<div class=\"elementor-widget-wrap elementor-element-populated\">\n\t\t\t\t\t\t<div class=\"elementor-element elementor-element-2532283 elementor-widget elementor-widget-stm_icon_box\" data-id=\"2532283\" data-element_type=\"widget\" data-e-type=\"widget\" data-widget_type=\"stm_icon_box.default\">\n\t\t\t\t<div class=\"elementor-widget-container\">\n\t\t\t\t\t\n\n\n            <div onClick=\"return true\" class=\"icon_box  elementor-consulting-icon-box style_1 icon_left clearfix\">\n                <div class=\"icon  font-color_custom font-color_third_bg\" style=\"width:70px\">\n            <i style=\"font-size: 21px;color: ;  width: 50px; height: 50px; display: flex; align-items: center; justify-content: center;\"\n               class=\"fas fa-money-check-alt\"><\/i><\/div>\n        <div class=\"icon_text\">\n                    <h5 style=\"color:#ffffff\" >Vergi Hizmetleri\n<\/h5>\n                <ul>\n<li><span style=\"color: #ffffff;\">International Tax<\/span><\/li>\n<li><span style=\"color: #ffffff;\">Business Tax<\/span><\/li>\n<li><span style=\"color: #ffffff;\">Sales Tax<\/span><\/li>\n<li><span style=\"color: #ffffff;\">Personal Income Tax<\/span><\/li>\n<li><span style=\"color: #ffffff;\">IRS Representation<br \/><\/span><\/li>\n<\/ul>\n    <\/div>\n            <\/div>\n    \n\t\t\t\t<\/div>\n\t\t\t\t<\/div>\n\t\t\t\t\t<\/div>\n\t\t<\/div>\n\t\t\t\t<div class=\"elementor-column elementor-col-33 elementor-top-column elementor-element elementor-element-25323c1\" data-id=\"25323c1\" data-element_type=\"column\" data-e-type=\"column\">\n\t\t\t<div class=\"elementor-widget-wrap elementor-element-populated\">\n\t\t\t\t\t\t<div class=\"elementor-element elementor-element-25326eb elementor-widget elementor-widget-stm_icon_box\" data-id=\"25326eb\" data-element_type=\"widget\" data-e-type=\"widget\" data-widget_type=\"stm_icon_box.default\">\n\t\t\t\t<div class=\"elementor-widget-container\">\n\t\t\t\t\t\n\n\n            <div onClick=\"return true\" class=\"icon_box  elementor-consulting-icon-box style_1 icon_left clearfix\">\n                <div class=\"icon  font-color_custom font-color_third_bg\" style=\"width:70px\">\n            <i style=\"font-size: 21px;color: ;  width: 50px; height: 50px; display: flex; align-items: center; justify-content: center;\"\n               class=\"fas fa-file-contract\"><\/i><\/div>\n        <div class=\"icon_text\">\n                    <h5 style=\"color:#ffffff\" >\u0130\u015f Kurulumu\n<\/h5>\n                <ul>\n<li><span style=\"color: #ffffff;\"> LLC Formation<\/span><\/li>\n<li><span style=\"color: #ffffff;\">\u00a0S Corp Formation<\/span><\/li>\n<li><span style=\"color: #ffffff;\">\u00a0C Corp<\/span><\/li>\n<li><span style=\"color: #ffffff;\">Sole Proprietorshi<\/span><\/li>\n<li><span style=\"color: #ffffff;\">Partnership<\/span><\/li>\n<\/ul>\n    <\/div>\n            <\/div>\n    \n\t\t\t\t<\/div>\n\t\t\t\t<\/div>\n\t\t\t\t\t<\/div>\n\t\t<\/div>\n\t\t\t\t\t<\/div>\n\t\t<\/section>\n\t\t\t\t<div class=\"elementor-element elementor-element-2532829 elementor-widget elementor-widget-stm_spacing\" data-id=\"2532829\" data-element_type=\"widget\" data-e-type=\"widget\" data-widget_type=\"stm_spacing.default\">\n\t\t\t\t<div class=\"elementor-widget-container\">\n\t\t\t\t\t<div class=\"stm-spacing\" id=\"stm-spacing-69e5fa037aca8\"><\/div>\n<script>\n    (function($){\n        \"use strict\";\n        var spacingID = 'stm-spacing-69e5fa037aca8',\n            lgSpacing = '40',\n            mdSpacing = '40',\n            smSpacing = '30',\n            xsSpacing = '30';\n\n        function stmSpacing() {\n            if ( window.matchMedia(\"(min-width: 1200px)\").matches && lgSpacing ) {\n                $( '#' + spacingID ).css ( \"height\", lgSpacing );\n            } else if ( window.matchMedia(\"(max-width: 1199px) and (min-width: 992px )\").matches && mdSpacing ) {\n                $( '#' + spacingID ).css ( \"height\", mdSpacing );\n            } else if ( window.matchMedia(\"(max-width: 991px) and (min-width: 768px )\").matches && smSpacing ) {\n                $( '#' + spacingID ).css ( \"height\", smSpacing );\n            } else if ( window.matchMedia(\"(max-width: 767px)\").matches && xsSpacing ) {\n                $( '#' + spacingID ).css ( \"height\", xsSpacing );\n            } else {\n                $( '#' + spacingID ).css ( \"height\", \"\" );\n            }\n        }\n\n        $(document).ready(function() {\n            stmSpacing();\n        });\n\n        $(window).resize(function() {\n            stmSpacing();\n        });\n\n    })(jQuery);\n<\/script>\t\t\t\t<\/div>\n\t\t\t\t<\/div>\n\t\t\t\t<section class=\"elementor-section elementor-top-section elementor-element elementor-element-25328c4 elementor-section-height-min-height elementor-section-boxed elementor-section-height-default elementor-section-items-middle\" data-id=\"25328c4\" data-element_type=\"section\" data-e-type=\"section\">\n\t\t\t\t\t\t<div class=\"elementor-container elementor-column-gap-default\">\n\t\t\t\t\t<div class=\"elementor-column elementor-col-33 elementor-top-column elementor-element elementor-element-2532c90\" data-id=\"2532c90\" data-element_type=\"column\" data-e-type=\"column\">\n\t\t\t<div class=\"elementor-widget-wrap elementor-element-populated\">\n\t\t\t\t\t\t<div class=\"elementor-element elementor-element-2532fd3 elementor-widget elementor-widget-stm_icon_box\" data-id=\"2532fd3\" data-element_type=\"widget\" data-e-type=\"widget\" data-widget_type=\"stm_icon_box.default\">\n\t\t\t\t<div class=\"elementor-widget-container\">\n\t\t\t\t\t\n\n\n            <div onClick=\"return true\" class=\"icon_box  elementor-consulting-icon-box style_1 icon_left clearfix\">\n                <div class=\"icon  font-color_custom font-color_third_bg\" style=\"width:70px\">\n            <i style=\"font-size: 21px;color: ;  width: 50px; height: 50px; display: flex; align-items: center; justify-content: center;\"\n               class=\"stm-home\"><\/i><\/div>\n        <div class=\"icon_text\">\n                    <h5 style=\"color:#FAF1F1\" >Kay\u0131tl\u0131 Acente Hizmetleri\n<\/h5>\n                <p><span style=\"color: #ffffff;\">We provide registered agent services to meet business needs of our clients.<\/p>\n    <\/div>\n            <\/div>\n    \n\t\t\t\t<\/div>\n\t\t\t\t<\/div>\n\t\t\t\t\t<\/div>\n\t\t<\/div>\n\t\t\t\t<div class=\"elementor-column elementor-col-33 elementor-top-column elementor-element elementor-element-2533110\" data-id=\"2533110\" data-element_type=\"column\" data-e-type=\"column\">\n\t\t\t<div class=\"elementor-widget-wrap elementor-element-populated\">\n\t\t\t\t\t\t<div class=\"elementor-element elementor-element-2533437 elementor-widget elementor-widget-stm_icon_box\" data-id=\"2533437\" data-element_type=\"widget\" data-e-type=\"widget\" data-widget_type=\"stm_icon_box.default\">\n\t\t\t\t<div class=\"elementor-widget-container\">\n\t\t\t\t\t\n\n\n            <div onClick=\"return true\" class=\"icon_box  elementor-consulting-icon-box style_1 icon_left clearfix\">\n                <div class=\"icon  font-color_custom font-color_third_bg\" style=\"width:70px\">\n            <i style=\"font-size: 21px;color: ;  width: 50px; height: 50px; display: flex; align-items: center; justify-content: center;\"\n               class=\"stm-shield_flat\"><\/i><\/div>\n        <div class=\"icon_text\">\n                    <h5 style=\"color:#ffffff\" >EIN &amp; ITIN Uygulama \n<\/h5>\n                <p><span style=\"color: #ffffff;\">We help you obtain EIN and ITIN for your business and personal IRS compliance needs.<\/p>\n    <\/div>\n            <\/div>\n    \n\t\t\t\t<\/div>\n\t\t\t\t<\/div>\n\t\t\t\t\t<\/div>\n\t\t<\/div>\n\t\t\t\t<div class=\"elementor-column elementor-col-33 elementor-top-column elementor-element elementor-element-2533573\" data-id=\"2533573\" data-element_type=\"column\" data-e-type=\"column\">\n\t\t\t<div class=\"elementor-widget-wrap elementor-element-populated\">\n\t\t\t\t\t\t<div class=\"elementor-element elementor-element-25338ad elementor-widget elementor-widget-stm_icon_box\" data-id=\"25338ad\" data-element_type=\"widget\" data-e-type=\"widget\" data-widget_type=\"stm_icon_box.default\">\n\t\t\t\t<div class=\"elementor-widget-container\">\n\t\t\t\t\t\n\n\n            <div onClick=\"return true\" class=\"icon_box  elementor-consulting-icon-box style_1 icon_left clearfix\">\n                <div class=\"icon  font-color_custom font-color_third_bg\" style=\"width:70px\">\n            <i style=\"font-size: 21px;color: ;  width: 50px; height: 50px; display: flex; align-items: center; justify-content: center;\"\n               class=\"fa fa-bar-chart\"><\/i><\/div>\n        <div class=\"icon_text\">\n                    <h5 style=\"color:#ffffff\" >\u0130\u015fletme Lisans\u0131\n<\/h5>\n                <p><span style=\"color: #ffffff;\">We make business license applications for your business.<\/p>\n    <\/div>\n            <\/div>\n    \n\t\t\t\t<\/div>\n\t\t\t\t<\/div>\n\t\t\t\t\t<\/div>\n\t\t<\/div>\n\t\t\t\t\t<\/div>\n\t\t<\/section>\n\t\t\t\t<div class=\"elementor-element elementor-element-25339fc elementor-widget elementor-widget-stm_spacing\" data-id=\"25339fc\" data-element_type=\"widget\" data-e-type=\"widget\" data-widget_type=\"stm_spacing.default\">\n\t\t\t\t<div class=\"elementor-widget-container\">\n\t\t\t\t\t<div class=\"stm-spacing\" id=\"stm-spacing-69e5fa037c5cd\"><\/div>\n<script>\n    (function($){\n        \"use strict\";\n        var spacingID = 'stm-spacing-69e5fa037c5cd',\n            lgSpacing = '100',\n            mdSpacing = '100',\n            smSpacing = '70',\n            xsSpacing = '60';\n\n        function stmSpacing() {\n            if ( window.matchMedia(\"(min-width: 1200px)\").matches && lgSpacing ) {\n                $( '#' + spacingID ).css ( \"height\", lgSpacing );\n            } else if ( window.matchMedia(\"(max-width: 1199px) and (min-width: 992px )\").matches && mdSpacing ) {\n                $( '#' + spacingID ).css ( \"height\", mdSpacing );\n            } else if ( window.matchMedia(\"(max-width: 991px) and (min-width: 768px )\").matches && smSpacing ) {\n                $( '#' + spacingID ).css ( \"height\", smSpacing );\n            } else if ( window.matchMedia(\"(max-width: 767px)\").matches && xsSpacing ) {\n                $( '#' + spacingID ).css ( \"height\", xsSpacing );\n            } else {\n                $( '#' + spacingID ).css ( \"height\", \"\" );\n            }\n        }\n\n        $(document).ready(function() {\n            stmSpacing();\n        });\n\n        $(window).resize(function() {\n            stmSpacing();\n        });\n\n    })(jQuery);\n<\/script>\t\t\t\t<\/div>\n\t\t\t\t<\/div>\n\t\t\t\t\t<\/div>\n\t\t<\/div>\n\t\t\t\t\t<\/div>\n\t\t<\/section>\n\t\t\t\t<section class=\"elementor-section elementor-top-section elementor-element elementor-element-83b2dd9 third_bg_color elementor-section-boxed elementor-section-height-default elementor-section-height-default\" data-id=\"83b2dd9\" data-element_type=\"section\" data-e-type=\"section\" data-settings=\"{&quot;background_background&quot;:&quot;classic&quot;}\">\n\t\t\t\t\t\t<div class=\"elementor-container elementor-column-gap-default\">\n\t\t\t\t\t<div class=\"elementor-column elementor-col-100 elementor-top-column elementor-element elementor-element-de868dd\" data-id=\"de868dd\" data-element_type=\"column\" data-e-type=\"column\">\n\t\t\t<div class=\"elementor-widget-wrap elementor-element-populated\">\n\t\t\t\t\t\t<div class=\"elementor-element elementor-element-d02cef1 elementor-widget elementor-widget-vc_cta\" data-id=\"d02cef1\" data-element_type=\"widget\" data-e-type=\"widget\" data-widget_type=\"vc_cta.default\">\n\t\t\t\t<div class=\"elementor-widget-container\">\n\t\t\t\t\t\n<div class=\"ce_cta ce_cta_bd945a8da4c0282bfbb5da1e9de4ce57 ce_text_left third_bg_color add_button_right btn_align_right btn_button_block_true btn_has_icon btn_has_icon_on_the_right\" id=\"\">\n\t<div class=\"ce_cta__content\">\n\t\t<div class=\"ce_cta__content__header\">\n\t\t\t<h2  class='ce_cta__content__title '>Deneyimli bir CPA m\u0131 ar\u0131yorsunuz?<\/h2>\t\t<\/div>\n\t\t\t<\/div>\n\n\t\t<div class=\"ce_cta__action\">\n\t\t<a\n\t\t\thref=\"\/contact-us\"\n\t\t\t\t\t\ttarget=\"_self\"\n\t\t\tclass=\"button\n\t\t\t\t\t\">\n\t\t\t<span>ileti\u015fim<\/span>\n\t\t\t\t\t\t<i class=\"fa fa-chevron-right\"><\/i>\n\t\t\t\t\t<\/a>\n\t<\/div>\n\t<\/div>\n\t\t\t\t<\/div>\n\t\t\t\t<\/div>\n\t\t\t\t\t<\/div>\n\t\t<\/div>\n\t\t\t\t\t<\/div>\n\t\t<\/section>\n\t\t\t\t<\/div>\n\t\t","protected":false},"excerpt":{"rendered":"<p>Hepsi Bir Arada Finansal Orta\u011f\u0131n\u0131z Muhasebe Bookkeeping Payroll Services Vergi Hizmetleri International Tax Business Tax Sales Tax Personal Income Tax IRS Representation \u0130\u015f Kurulumu LLC Formation \u00a0S Corp Formation \u00a0C Corp Sole Proprietorshi Partnership Kay\u0131tl\u0131 Acente Hizmetleri We provide registered agent services to meet business needs of our clients. EIN &amp; ITIN Uygulama We help<\/p>\n","protected":false},"author":1,"featured_media":0,"parent":0,"menu_order":0,"comment_status":"closed","ping_status":"closed","template":"","meta":{"footnotes":""},"class_list":["post-8673","page","type-page","status-publish","hentry"],"_links":{"self":[{"href":"https:\/\/tuysuzoglucpa.com\/tr\/wp-json\/wp\/v2\/pages\/8673","targetHints":{"allow":["GET"]}}],"collection":[{"href":"https:\/\/tuysuzoglucpa.com\/tr\/wp-json\/wp\/v2\/pages"}],"about":[{"href":"https:\/\/tuysuzoglucpa.com\/tr\/wp-json\/wp\/v2\/types\/page"}],"author":[{"embeddable":true,"href":"https:\/\/tuysuzoglucpa.com\/tr\/wp-json\/wp\/v2\/users\/1"}],"replies":[{"embeddable":true,"href":"https:\/\/tuysuzoglucpa.com\/tr\/wp-json\/wp\/v2\/comments?post=8673"}],"version-history":[{"count":9,"href":"https:\/\/tuysuzoglucpa.com\/tr\/wp-json\/wp\/v2\/pages\/8673\/revisions"}],"predecessor-version":[{"id":8701,"href":"https:\/\/tuysuzoglucpa.com\/tr\/wp-json\/wp\/v2\/pages\/8673\/revisions\/8701"}],"wp:attachment":[{"href":"https:\/\/tuysuzoglucpa.com\/tr\/wp-json\/wp\/v2\/media?parent=8673"}],"curies":[{"name":"wp","href":"https:\/\/api.w.org\/{rel}","templated":true}]}}