{"id":8660,"date":"2025-08-18T10:10:00","date_gmt":"2025-08-18T10:10:00","guid":{"rendered":"https:\/\/tuysuzoglucpa.com\/hizmetler\/"},"modified":"2025-08-17T20:16:59","modified_gmt":"2025-08-17T20:16:59","slug":"hizmetler","status":"publish","type":"page","link":"https:\/\/tuysuzoglucpa.com\/tr\/hizmetler\/","title":{"rendered":"hizmetler"},"content":{"rendered":"\t\t<div data-elementor-type=\"wp-page\" data-elementor-id=\"8660\" class=\"elementor elementor-8660 elementor-558 elementor-bc-flex-widget\">\n\t\t\t\t\t\t<section class=\"elementor-section elementor-top-section elementor-element elementor-element-a522fa7 elementor-section-boxed elementor-section-height-default elementor-section-height-default\" data-id=\"a522fa7\" data-element_type=\"section\" data-e-type=\"section\" data-settings=\"{&quot;background_background&quot;:&quot;classic&quot;}\">\n\t\t\t\t\t\t<div class=\"elementor-container elementor-column-gap-default\">\n\t\t\t\t\t<div class=\"elementor-column elementor-col-100 elementor-top-column elementor-element elementor-element-a523487\" data-id=\"a523487\" data-element_type=\"column\" data-e-type=\"column\">\n\t\t\t<div class=\"elementor-widget-wrap elementor-element-populated\">\n\t\t\t\t\t\t<div class=\"elementor-element elementor-element-a523852 elementor-widget elementor-widget-stm_services\" data-id=\"a523852\" data-element_type=\"widget\" data-e-type=\"widget\" data-widget_type=\"stm_services.default\">\n\t\t\t\t<div class=\"elementor-widget-container\">\n\t\t\t\t\t\n\n    <div class=\"stm_services consulting_elementor_services style_1 cols_3\">\n                    <div class=\"item\">\n                <div class=\"item_wr\">\n                                            \n                        <div class=\"item_thumbnail\">\n                            <a href=\"https:\/\/tuysuzoglucpa.com\/tr\/service\/audit-assurance\/\">\n                                <img src='https:\/\/tuysuzoglucpa.com\/wp-content\/uploads\/2019\/12\/new-york-post-3-1-255x182.jpg' alt='' \/>                            <\/a>\n                                                    <\/div>\n                                                            <div class=\"content\" >\n                                                    <h5><a href=\"https:\/\/tuysuzoglucpa.com\/tr\/service\/audit-assurance\/\"  >Audit &amp; Assurance<\/a><\/h5>\n                                                                                                    <p>Audit and assurance is all about meticulous data analysis. Everything needs to be checked, double checked, and triple checked.<\/p>\n                                                                            <a class=\"read_more\"\n                               href=\"https:\/\/tuysuzoglucpa.com\/tr\/service\/audit-assurance\/\" >\n                                <span>daha fazla oku<\/span>\n                                <i class=\"fa fa-chevron-right\"><\/i>\n                            <\/a>\n                                            <\/div>\n                <\/div>\n            <\/div>\n            <\/div>\n\t\t\t\t<\/div>\n\t\t\t\t<\/div>\n\t\t\t\t\t<\/div>\n\t\t<\/div>\n\t\t\t\t<div class=\"elementor-column elementor-col-25 elementor-top-column elementor-element elementor-element-a523902 elementor-hidden-tablet elementor-hidden-phone\" data-id=\"a523902\" data-element_type=\"column\" data-e-type=\"column\">\n\t\t\t<div class=\"elementor-widget-wrap elementor-element-populated\">\n\t\t\t\t\t\t<div class=\"elementor-element elementor-element-a523c52 elementor-widget elementor-widget-stm_sidebar\" data-id=\"a523c52\" data-element_type=\"widget\" data-e-type=\"widget\" data-widget_type=\"stm_sidebar.default\">\n\t\t\t\t<div class=\"elementor-widget-container\">\n\t\t\t\t\t\n<div class=\"stm_sidebar consulting_elementor_sidebar\">\n\n            \t\t<div data-elementor-type=\"wp-post\" data-elementor-id=\"573\" class=\"elementor elementor-573\">\n\t\t\t\t\t\t<section class=\"elementor-section elementor-top-section elementor-element elementor-element-94dab47 third_bg_color elementor-section-boxed elementor-section-height-default elementor-section-height-default\" data-id=\"94dab47\" data-element_type=\"section\" data-e-type=\"section\" data-settings=\"{&quot;background_background&quot;:&quot;classic&quot;}\">\n\t\t\t\t\t\t<div class=\"elementor-container elementor-column-gap-default\">\n\t\t\t\t\t<div class=\"elementor-column elementor-col-100 elementor-top-column elementor-element elementor-element-94dafc1\" data-id=\"94dafc1\" data-element_type=\"column\" data-e-type=\"column\" data-settings=\"{&quot;background_background&quot;:&quot;classic&quot;}\">\n\t\t\t<div class=\"elementor-widget-wrap elementor-element-populated\">\n\t\t\t\t\t\t<div class=\"elementor-element elementor-element-94db351 elementor-widget elementor-widget-vc_custom_heading\" data-id=\"94db351\" data-element_type=\"widget\" data-e-type=\"widget\" data-widget_type=\"vc_custom_heading.default\">\n\t\t\t\t<div class=\"elementor-widget-container\">\n\t\t\t\t\t<div class=\" vc_custom_heading  consulting_heading_font  text_align_left\" ><div style=\"font-size: 16px;color: #222222;text-align: left;font-weight:700\" class=\"consulting-custom-title\">how can we help you?\n<\/div><\/div>\t\t\t\t<\/div>\n\t\t\t\t<\/div>\n\t\t\t\t<div class=\"elementor-element elementor-element-94db635 elementor-widget elementor-widget-text-editor\" data-id=\"94db635\" data-element_type=\"widget\" data-e-type=\"widget\" data-widget_type=\"text-editor.default\">\n\t\t\t\t<div class=\"elementor-widget-container\">\n\t\t\t\t\t\t\t\t\t<p><span style=\"font-size: 13px; line-height: 22px;\">Contact us at the Consulting WP office nearest to you or submit a business inquiry online.<\/span><\/p>\n\t\t\t\t\t\t\t\t<\/div>\n\t\t\t\t<\/div>\n\t\t\t\t<div class=\"elementor-element elementor-element-94db870 elementor-widget__width-auto elementor-widget elementor-widget-button\" data-id=\"94db870\" data-element_type=\"widget\" data-e-type=\"widget\" data-widget_type=\"button.default\">\n\t\t\t\t<div class=\"elementor-widget-container\">\n\t\t\t\t\t\t\t\t\t<div class=\"elementor-button-wrapper icon_align_  \">\n\t\t\t\t\t<a class=\"elementor-button elementor-button-link elementor-size-sm\" href=\"#\">\n\t\t\t\t\t\t<span class=\"elementor-button-content-wrapper\">\n\t\t\t\t\t\t<span class=\"elementor-button-icon\">\n\t\t\t\t<i aria-hidden=\"true\" class=\"fa fa-phone-square\"><\/i>\t\t\t<\/span>\n\t\t\t\t\t\t\t\t\t<span class=\"elementor-button-text\">contacts<\/span>\n\t\t\t\t\t<\/span>\n\t\t\t\t\t<\/a>\n\t\t\t\t<\/div>\n\t\t\t\t\t\t\t\t<\/div>\n\t\t\t\t<\/div>\n\t\t\t\t\t<\/div>\n\t\t<\/div>\n\t\t\t\t\t<\/div>\n\t\t<\/section>\n\t\t\t\t<section class=\"elementor-section elementor-top-section elementor-element elementor-element-94dc3eb elementor-section-boxed elementor-section-height-default elementor-section-height-default\" data-id=\"94dc3eb\" data-element_type=\"section\" data-e-type=\"section\" data-settings=\"{&quot;background_background&quot;:&quot;classic&quot;}\">\n\t\t\t\t\t\t<div class=\"elementor-container elementor-column-gap-default\">\n\t\t\t\t\t<div class=\"elementor-column elementor-col-100 elementor-top-column elementor-element elementor-element-94dc881\" data-id=\"94dc881\" data-element_type=\"column\" data-e-type=\"column\">\n\t\t\t<div class=\"elementor-widget-wrap elementor-element-populated\">\n\t\t\t\t\t\t<div class=\"elementor-element elementor-element-94dcc42 elementor-align-left elementor-widget elementor-widget-button\" data-id=\"94dcc42\" data-element_type=\"widget\" data-e-type=\"widget\" data-widget_type=\"button.default\">\n\t\t\t\t<div class=\"elementor-widget-container\">\n\t\t\t\t\t\t\t\t\t<div class=\"elementor-button-wrapper icon_align_  button_block\">\n\t\t\t\t\t<a class=\"elementor-button elementor-button-link elementor-size-lg\" href=\"#\">\n\t\t\t\t\t\t<span class=\"elementor-button-content-wrapper\">\n\t\t\t\t\t\t<span class=\"elementor-button-icon\">\n\t\t\t\t<i aria-hidden=\"true\" class=\"fa fa-file-pdf-o\"><\/i>\t\t\t<\/span>\n\t\t\t\t\t\t\t\t\t<span class=\"elementor-button-text\">Company presentation<\/span>\n\t\t\t\t\t<\/span>\n\t\t\t\t\t<\/a>\n\t\t\t\t<\/div>\n\t\t\t\t\t\t\t\t<\/div>\n\t\t\t\t<\/div>\n\t\t\t\t<div class=\"elementor-element elementor-element-94dd605 elementor-widget elementor-widget-stm_testimonials\" data-id=\"94dd605\" data-element_type=\"widget\" data-e-type=\"widget\" data-widget_type=\"stm_testimonials.default\">\n\t\t\t\t<div class=\"elementor-widget-container\">\n\t\t\t\t\t\n\n\t\n\t\t\t\t\t<\/div>\n\t\t\t\t<\/div>\n\t\t\t\t\t<\/div>\n\t\t<\/div>\n\t\t\t\t\t<\/div>\n\t\t<\/section>\n\t\t\t\t<\/div>\n\t\t    \n<\/div>\t\t\t\t<\/div>\n\t\t\t\t<\/div>\n\t\t\t\t\t<\/div>\n\t\t<\/div>\n\t\t\t\t\t<\/div>\n\t\t<\/section>\n\t\t\t\t<section class=\"elementor-section elementor-top-section elementor-element elementor-element-a523d04 third_bg_color elementor-section-boxed elementor-section-height-default elementor-section-height-default\" data-id=\"a523d04\" data-element_type=\"section\" data-e-type=\"section\" data-settings=\"{&quot;background_background&quot;:&quot;classic&quot;}\">\n\t\t\t\t\t\t<div class=\"elementor-container elementor-column-gap-default\">\n\t\t\t\t\t<div class=\"elementor-column elementor-col-100 elementor-top-column elementor-element elementor-element-a5240ec\" data-id=\"a5240ec\" data-element_type=\"column\" data-e-type=\"column\">\n\t\t\t<div class=\"elementor-widget-wrap elementor-element-populated\">\n\t\t\t\t\t\t<div class=\"elementor-element elementor-element-a52440d elementor-widget elementor-widget-vc_cta\" data-id=\"a52440d\" data-element_type=\"widget\" data-e-type=\"widget\" data-widget_type=\"vc_cta.default\">\n\t\t\t\t<div class=\"elementor-widget-container\">\n\t\t\t\t\t\n<div class=\"ce_cta ce_cta_56cb22f63ddb25bddc390a8c1a3c5adb ce_text_left third_bg_color add_button_right btn_align_right btn_button_block_true btn_has_icon btn_has_icon_on_the_right\" id=\"\">\n\t<div class=\"ce_cta__content\">\n\t\t<div class=\"ce_cta__content__header\">\n\t\t\t<h2  class='ce_cta__content__title '>Birinci s\u0131n\u0131f bir i\u015f plan\u0131 Dan\u0131\u015fman\u0131 m\u0131 ar\u0131yorsunuz?<\/h2>\t\t<\/div>\n\t\t\t<\/div>\n\n\t\t<div class=\"ce_cta__action\">\n\t\t<a\n\t\t\thref=\"#\"\n\t\t\t\t\t\ttarget=\"_self\"\n\t\t\tclass=\"button\n\t\t\t\t\t\">\n\t\t\t<span>teklif al\u0131n<\/span>\n\t\t\t\t\t\t<i class=\"fa fa-chevron-right\"><\/i>\n\t\t\t\t\t<\/a>\n\t<\/div>\n\t<\/div>\n\t\t\t\t<\/div>\n\t\t\t\t<\/div>\n\t\t\t\t\t<\/div>\n\t\t<\/div>\n\t\t\t\t\t<\/div>\n\t\t<\/section>\n\t\t\t\t<\/div>\n\t\t","protected":false},"excerpt":{"rendered":"<p>Turnaround Consulting Companies dislike the term \u2018turnaround consulting\u2019 because it represents failure. The truth is that turnaround consulting represents success. read more Bonds &#038; Commodities Bonds and commodities are much more stable than stocks and trades. We allow our clients to invest in the right bonds &amp; commodities. read more Audit &#038; Assurance Audit and<\/p>\n","protected":false},"author":1,"featured_media":0,"parent":0,"menu_order":0,"comment_status":"closed","ping_status":"closed","template":"","meta":{"footnotes":""},"class_list":["post-8660","page","type-page","status-publish","hentry"],"_links":{"self":[{"href":"https:\/\/tuysuzoglucpa.com\/tr\/wp-json\/wp\/v2\/pages\/8660","targetHints":{"allow":["GET"]}}],"collection":[{"href":"https:\/\/tuysuzoglucpa.com\/tr\/wp-json\/wp\/v2\/pages"}],"about":[{"href":"https:\/\/tuysuzoglucpa.com\/tr\/wp-json\/wp\/v2\/types\/page"}],"author":[{"embeddable":true,"href":"https:\/\/tuysuzoglucpa.com\/tr\/wp-json\/wp\/v2\/users\/1"}],"replies":[{"embeddable":true,"href":"https:\/\/tuysuzoglucpa.com\/tr\/wp-json\/wp\/v2\/comments?post=8660"}],"version-history":[{"count":1,"href":"https:\/\/tuysuzoglucpa.com\/tr\/wp-json\/wp\/v2\/pages\/8660\/revisions"}],"predecessor-version":[{"id":8661,"href":"https:\/\/tuysuzoglucpa.com\/tr\/wp-json\/wp\/v2\/pages\/8660\/revisions\/8661"}],"wp:attachment":[{"href":"https:\/\/tuysuzoglucpa.com\/tr\/wp-json\/wp\/v2\/media?parent=8660"}],"curies":[{"name":"wp","href":"https:\/\/api.w.org\/{rel}","templated":true}]}}