{"id":8657,"date":"2017-02-08T07:01:55","date_gmt":"2017-02-08T07:01:55","guid":{"rendered":"https:\/\/tuysuzoglucpa.com\/hakkimizda\/"},"modified":"2025-09-10T17:54:47","modified_gmt":"2025-09-10T17:54:47","slug":"hakkimizda","status":"publish","type":"page","link":"https:\/\/tuysuzoglucpa.com\/tr\/hakkimizda\/","title":{"rendered":"Hakk\u0131m\u0131zda"},"content":{"rendered":"\t\t<div data-elementor-type=\"wp-page\" data-elementor-id=\"8657\" class=\"elementor elementor-8657 elementor-1142\">\n\t\t\t\t\t\t<section class=\"elementor-section elementor-top-section elementor-element elementor-element-3c63df9 elementor-section-full_width elementor-section-content-top elementor-section-height-default elementor-section-height-default\" data-id=\"3c63df9\" data-element_type=\"section\" data-e-type=\"section\" data-settings=\"{&quot;background_background&quot;:&quot;classic&quot;}\">\n\t\t\t\t\t\t<div class=\"elementor-container elementor-column-gap-wider\">\n\t\t\t\t\t<div class=\"elementor-column elementor-col-58 elementor-top-column elementor-element elementor-element-3c64308\" data-id=\"3c64308\" data-element_type=\"column\" data-e-type=\"column\">\n\t\t\t<div class=\"elementor-widget-wrap elementor-element-populated\">\n\t\t\t\t\t\t<div class=\"elementor-element elementor-element-3c648b1 elementor-widget elementor-widget-text-editor\" data-id=\"3c648b1\" data-element_type=\"widget\" data-e-type=\"widget\" data-widget_type=\"text-editor.default\">\n\t\t\t\t<div class=\"elementor-widget-container\">\n\t\t\t\t\t\t\t\t\t<h4><strong>Kurucumuz: <\/strong>Tayfun T\u00fcys\u00fczo\u011flu, CPA<\/h4>\n<p>Tuysuzoglu CPA, Tayfun T\u00fcys\u00fczo\u011flu taraf\u0131ndan kurulmu\u015ftur. Tayfun T\u00fcys\u00fczo\u011flu geni\u015f bir yelpazede sekt\u00f6r ve end\u00fcstrideki \u015firketlerin finansal tablolar\u0131na y\u00f6nelik tecr\u00fcbeye sahiptir.<\/p>\n<p>Tayfun T\u00fcys\u00fczo\u011flu, Bilkent \u00dcniversitesi End\u00fcstri M\u00fchendisli\u011finden 2005 y\u0131l\u0131nda y\u00fcksek onur derecesiyle mezun olmu\u015ftur. Ayn\u0131 zamanda muhasebe alan\u0131nda asistan olarak g\u00f6rev ald\u0131\u011f\u0131 Texas A&amp;M \u00dcniversitesinden (College Station) 2007 y\u0131l\u0131nda Finans alan\u0131nda Master derecesini ve sonras\u0131nda 2009 y\u0131l\u0131nda Muhasebe alan\u0131nda Master derecesini tamamlam\u0131\u015ft\u0131r. Tayfun T\u00fcys\u00fczo\u011flu ABD\u2019de CPA s\u0131navlar\u0131n\u0131 2009 y\u0131l\u0131nda tamamlam\u0131\u015f ve ayn\u0131 y\u0131l Deloitte denetim biriminde staj yapm\u0131\u015ft\u0131r. Los Angeles&#8217;ta Rom De Guzman, CPA ile vergi alan\u0131nda hizmet verdikten sonra 2011 y\u0131l\u0131nda Muhasebe Standartlar\u0131 Kurumunda muhasebe standartlar\u0131 alan\u0131nda \u00e7al\u0131\u015fm\u0131\u015ft\u0131r. 2012-2018 y\u0131llar\u0131 aras\u0131nda Kamu G\u00f6zetimi, Muhasebe ve Denetim Standartlar\u0131 Kurumunda muhasebe standartlar\u0131, denetim ve inceleme alanlar\u0131nda g\u00f6rev yapt\u0131ktan sonra 2019-2023 y\u0131llar\u0131nda PwC\u2019de \u00e7al\u0131\u015fm\u0131\u015ft\u0131r. Muhasebe alan\u0131ndaki en \u00f6nde gelen firmalardan biri olan <strong>PwC<\/strong>\u2019de (PricewaterhouseCoopers) karma\u015f\u0131k muhasebe konular\u0131, denetim, kalite kontrol ve risk y\u00f6netimi alanlar\u0131nda hizmet vermi\u015ftir.<\/p>\n<p>Tayfun T\u00fcys\u00fczo\u011flu\u2019nun uzmanl\u0131k ve bilgisi \u00e7e\u015fitli sekt\u00f6rlerdeki m\u00fc\u015fterilerinin ihtiya\u00e7lar\u0131n\u0131 kar\u015f\u0131lamaktad\u0131r. Tayfun m\u00fc\u015fterilerinin finansal bilgilerini ve vergisel durumunu h\u0131zl\u0131 bir \u015fekilde analiz ederek defterlerinin ve finansal bilgilerini iyile\u015ftirmektedir. Bu bilgi ve tecr\u00fcbe birikimi sayesinde, m\u00fc\u015fterileri i\u00e7in \u00e7ok de\u011ferli vergi stratejileri geli\u015ftirmektedir. Tayfun T\u00fcys\u00fczo\u011flu muhasebe, \u015firket kurulu\u015fu, bordrolama hizmetleri ve ABD\u2019deki \u015fah\u0131s ve \u015firket vergi mevzuat\u0131 konular\u0131nda uzman bir mali m\u00fc\u015favirdir. Tayfun T\u00fcys\u00fczo\u011flu m\u00fc\u015fterilerinin kar\u015f\u0131la\u015ft\u0131\u011f\u0131 sorunlar\u0131n \u00e7\u00f6z\u00fcm\u00fc i\u00e7in ABD\u2019de 50 eyalette hizmet vermektedir. Son y\u0131llarda ya\u015fanan teknolojik geli\u015fmeler Amerika\u2019daki \u015firketlerin nas\u0131l faaliyet g\u00f6sterdi\u011fini ve yerel ve federal yasal d\u00fczenlemelere nas\u0131l uyum sa\u011flad\u0131\u011f\u0131n\u0131 \u00f6nemli \u00f6l\u00e7\u00fcde etkilemektedir. Bu de\u011fi\u015fen teknolojik ve yasal ortam Tayfun T\u00fcys\u00fczo\u011flu\u2019nun T\u00fcys\u00fczo\u011flu CPA olarak hizmet sunma karar\u0131n\u0131 tetiklemi\u015ftir.<\/p>\n<p>Tuysuzoglu CPA, Tayfun T\u00fcys\u00fczo\u011flu\u2019nun 20 y\u0131l\u0131 a\u015fk\u0131n tecr\u00fcbesi ve bilgi birikimiyle m\u00fc\u015fterilerinin ihtiya\u00e7lar\u0131n\u0131 etkin ve h\u0131zl\u0131 bir \u015fekilde kar\u015f\u0131lamay\u0131 hizmet prensibi olarak belirlemi\u015ftir. <strong>ABD\u2019deki muhasebe, bordrolama ve vergi alanlar\u0131nda uzmanla\u015fm\u0131\u015f<\/strong> olmas\u0131 sayesinde m\u00fc\u015fterilerinin bu alanlardaki ihtiya\u00e7lar\u0131n\u0131n en etkili \u015fekilde kar\u015f\u0131lanmas\u0131n\u0131 sa\u011flamaktad\u0131r. <strong>T\u00fcys\u00fczo\u011flu CPA<\/strong> m\u00fc\u015fterilerinin sorunlar\u0131n\u0131 alan\u0131nda kan\u0131tlanm\u0131\u015f uygulamalarla \u00e7\u00f6zerek kaliteli bir hizmet sunmaktad\u0131r.<\/p>\n\t\t\t\t\t\t\t\t<\/div>\n\t\t\t\t<\/div>\n\t\t\t\t\t<\/div>\n\t\t<\/div>\n\t\t\t\t<div class=\"elementor-column elementor-col-41 elementor-top-column elementor-element elementor-element-3c64d70\" data-id=\"3c64d70\" data-element_type=\"column\" data-e-type=\"column\">\n\t\t\t<div class=\"elementor-widget-wrap elementor-element-populated\">\n\t\t\t\t\t\t<div class=\"elementor-element elementor-element-0eb57ba elementor-widget elementor-widget-image\" data-id=\"0eb57ba\" data-element_type=\"widget\" data-e-type=\"widget\" data-widget_type=\"image.default\">\n\t\t\t\t<div class=\"elementor-widget-container\">\n\t\t\t\t\t\t\t\t\t\t\t\t\t\t\t<img fetchpriority=\"high\" decoding=\"async\" width=\"1024\" height=\"576\" src=\"https:\/\/tuysuzoglucpa.com\/wp-content\/uploads\/2025\/06\/tt-1024x576.png\" class=\"attachment-large size-large wp-image-8645\" alt=\"\" srcset=\"https:\/\/tuysuzoglucpa.com\/wp-content\/uploads\/2025\/06\/tt-1024x576.png 1024w, https:\/\/tuysuzoglucpa.com\/wp-content\/uploads\/2025\/06\/tt-600x338.png 600w, https:\/\/tuysuzoglucpa.com\/wp-content\/uploads\/2025\/06\/tt-300x169.png 300w, https:\/\/tuysuzoglucpa.com\/wp-content\/uploads\/2025\/06\/tt-768x432.png 768w, https:\/\/tuysuzoglucpa.com\/wp-content\/uploads\/2025\/06\/tt-900x506.png 900w, https:\/\/tuysuzoglucpa.com\/wp-content\/uploads\/2025\/06\/tt.png 1280w\" sizes=\"(max-width: 1024px) 100vw, 1024px\" \/>\t\t\t\t\t\t\t\t\t\t\t\t\t\t\t<\/div>\n\t\t\t\t<\/div>\n\t\t\t\t\t<\/div>\n\t\t<\/div>\n\t\t\t\t\t<\/div>\n\t\t<\/section>\n\t\t\t\t<section class=\"elementor-section elementor-top-section elementor-element elementor-element-3c6c64e third_bg_color elementor-section-boxed elementor-section-height-default elementor-section-height-default\" data-id=\"3c6c64e\" data-element_type=\"section\" data-e-type=\"section\" data-settings=\"{&quot;background_background&quot;:&quot;classic&quot;}\">\n\t\t\t\t\t\t<div class=\"elementor-container elementor-column-gap-default\">\n\t\t\t\t\t<div class=\"elementor-column elementor-col-100 elementor-top-column elementor-element elementor-element-3c6ca71\" data-id=\"3c6ca71\" data-element_type=\"column\" data-e-type=\"column\">\n\t\t\t<div class=\"elementor-widget-wrap elementor-element-populated\">\n\t\t\t\t\t\t<div class=\"elementor-element elementor-element-3c6cd9e elementor-widget elementor-widget-vc_cta\" data-id=\"3c6cd9e\" data-element_type=\"widget\" data-e-type=\"widget\" data-widget_type=\"vc_cta.default\">\n\t\t\t\t<div class=\"elementor-widget-container\">\n\t\t\t\t\t\n<div class=\"ce_cta ce_cta_f155558710162832e26ee96ee38e3ec1 ce_text_left third_bg_color add_button_right btn_align_right btn_button_block_true btn_has_icon btn_has_icon_on_the_right\" id=\"\">\n\t<div class=\"ce_cta__content\">\n\t\t<div class=\"ce_cta__content__header\">\n\t\t\t<h2  class='ce_cta__content__title '>Deneyimli bir CPA m\u0131 ar\u0131yorsunuz?<\/h2>\t\t<\/div>\n\t\t\t<\/div>\n\n\t\t<div class=\"ce_cta__action\">\n\t\t<a\n\t\t\thref=\"https:\/\/tuysuzoglucpa.com\/contact-us\/\"\n\t\t\t\t\t\ttarget=\"_self\"\n\t\t\tclass=\"button\n\t\t\t\t\t\">\n\t\t\t<span>ileti\u015fim<\/span>\n\t\t\t\t\t\t<i class=\"fa fa-chevron-right\"><\/i>\n\t\t\t\t\t<\/a>\n\t<\/div>\n\t<\/div>\n\t\t\t\t<\/div>\n\t\t\t\t<\/div>\n\t\t\t\t\t<\/div>\n\t\t<\/div>\n\t\t\t\t\t<\/div>\n\t\t<\/section>\n\t\t\t\t<\/div>\n\t\t","protected":false},"excerpt":{"rendered":"<p>Kurucumuz: Tayfun T\u00fcys\u00fczo\u011flu, CPA Tuysuzoglu CPA, Tayfun T\u00fcys\u00fczo\u011flu taraf\u0131ndan kurulmu\u015ftur. Tayfun T\u00fcys\u00fczo\u011flu geni\u015f bir yelpazede sekt\u00f6r ve end\u00fcstrideki \u015firketlerin finansal tablolar\u0131na y\u00f6nelik tecr\u00fcbeye sahiptir. Tayfun T\u00fcys\u00fczo\u011flu, Bilkent \u00dcniversitesi End\u00fcstri M\u00fchendisli\u011finden 2005 y\u0131l\u0131nda y\u00fcksek onur derecesiyle mezun olmu\u015ftur. Ayn\u0131 zamanda muhasebe alan\u0131nda asistan olarak g\u00f6rev ald\u0131\u011f\u0131 Texas A&amp;M \u00dcniversitesinden (College Station) 2007 y\u0131l\u0131nda Finans alan\u0131nda Master<\/p>\n","protected":false},"author":1,"featured_media":0,"parent":0,"menu_order":0,"comment_status":"closed","ping_status":"closed","template":"","meta":{"footnotes":""},"class_list":["post-8657","page","type-page","status-publish","hentry"],"_links":{"self":[{"href":"https:\/\/tuysuzoglucpa.com\/tr\/wp-json\/wp\/v2\/pages\/8657","targetHints":{"allow":["GET"]}}],"collection":[{"href":"https:\/\/tuysuzoglucpa.com\/tr\/wp-json\/wp\/v2\/pages"}],"about":[{"href":"https:\/\/tuysuzoglucpa.com\/tr\/wp-json\/wp\/v2\/types\/page"}],"author":[{"embeddable":true,"href":"https:\/\/tuysuzoglucpa.com\/tr\/wp-json\/wp\/v2\/users\/1"}],"replies":[{"embeddable":true,"href":"https:\/\/tuysuzoglucpa.com\/tr\/wp-json\/wp\/v2\/comments?post=8657"}],"version-history":[{"count":17,"href":"https:\/\/tuysuzoglucpa.com\/tr\/wp-json\/wp\/v2\/pages\/8657\/revisions"}],"predecessor-version":[{"id":8765,"href":"https:\/\/tuysuzoglucpa.com\/tr\/wp-json\/wp\/v2\/pages\/8657\/revisions\/8765"}],"wp:attachment":[{"href":"https:\/\/tuysuzoglucpa.com\/tr\/wp-json\/wp\/v2\/media?parent=8657"}],"curies":[{"name":"wp","href":"https:\/\/api.w.org\/{rel}","templated":true}]}}